{"id":1796,"date":"2024-11-06T00:12:25","date_gmt":"2024-11-06T03:12:25","guid":{"rendered":"https:\/\/localizala.com.br\/?page_id=1796"},"modified":"2024-11-06T00:12:25","modified_gmt":"2024-11-06T03:12:25","slug":"politica-de-privacidade-do-aplicativo-localiza-la","status":"publish","type":"page","link":"https:\/\/localizala.com.br\/?page_id=1796","title":{"rendered":"Pol\u00edtica de Privacidade do Aplicativo Localiza L\u00e1"},"content":{"rendered":"\n<p><\/p>\n\n\n\n<p>N\u00f3s, da Localiza L\u00e1, respeitamos sua privacidade. Este documento explica nossa pol\u00edtica de privacidade em rela\u00e7\u00e3o ao aplicativo Localiza L\u00e1.<\/p>\n\n\n\n<ol class=\"wp-block-list\">\n<li>Coleta de Dados<\/li>\n<\/ol>\n\n\n\n<p>Nosso Aplicativo n\u00e3o coleta, armazena ou compartilha nenhum dado pessoal. N\u00e3o coletamos informa\u00e7\u00f5es de localiza\u00e7\u00e3o, dados do dispositivo ou qualquer outra informa\u00e7\u00e3o identific\u00e1vel do usu\u00e1rio.<\/p>\n\n\n\n<ol start=\"2\" class=\"wp-block-list\">\n<li>Permiss\u00f5es do Aplicativo<\/li>\n<\/ol>\n\n\n\n<p>O Aplicativo pode solicitar permiss\u00f5es de localiza\u00e7\u00e3o para permitir a posi\u00e7\u00e3o no mapa para verificar a onde est\u00e1 e onde est\u00e3o seus ve\u00edculos, mas esses dados s\u00e3o utilizados exclusivamente para oferecer o servi\u00e7o ao usu\u00e1rio e n\u00e3o s\u00e3o armazenados ou transmitidos para nossos servidores.<\/p>\n\n\n\n<ol start=\"3\" class=\"wp-block-list\">\n<li>Compartilhamento de Informa\u00e7\u00f5es<\/li>\n<\/ol>\n\n\n\n<p>Como n\u00e3o coletamos dados pessoais, tamb\u00e9m n\u00e3o compartilhamos nenhuma informa\u00e7\u00e3o com terceiros.<\/p>\n\n\n\n<ol start=\"4\" class=\"wp-block-list\">\n<li>Seguran\u00e7a<\/li>\n<\/ol>\n\n\n\n<p>Apesar de n\u00e3o coletarmos dados, seguimos as melhores pr\u00e1ticas para garantir que o Aplicativo funcione de forma segura e confi\u00e1vel para todos os usu\u00e1rios.<\/p>\n\n\n\n<ol start=\"5\" class=\"wp-block-list\">\n<li>Altera\u00e7\u00f5es nesta Pol\u00edtica<\/li>\n<\/ol>\n\n\n\n<p>Caso haja mudan\u00e7as nesta pol\u00edtica de privacidade, notificaremos os usu\u00e1rios com uma atualiza\u00e7\u00e3o no Aplicativo.<\/p>\n\n\n\n<ol start=\"6\" class=\"wp-block-list\">\n<li>Contato<\/li>\n<\/ol>\n\n\n\n<p>Se tiver d\u00favidas ou preocupa\u00e7\u00f5es sobre esta Pol\u00edtica de Privacidade, entre em contato conosco:<\/p>\n\n\n\n<p>E-mail: localizala@gmail.com<\/p>\n\n\n\n<p><\/p>\n","protected":false},"excerpt":{"rendered":"<p>N\u00f3s, da Localiza L\u00e1, respeitamos sua privacidade. Este documento explica nossa pol\u00edtica de privacidade em rela\u00e7\u00e3o ao aplicativo Localiza L\u00e1. Nosso Aplicativo n\u00e3o coleta, armazena ou compartilha nenhum dado pessoal. N\u00e3o coletamos informa\u00e7\u00f5es de localiza\u00e7\u00e3o, dados do dispositivo ou qualquer outra informa\u00e7\u00e3o identific\u00e1vel do usu\u00e1rio. O Aplicativo pode solicitar permiss\u00f5es de localiza\u00e7\u00e3o para permitir a posi\u00e7\u00e3o no mapa para verificar a onde est\u00e1 e onde est\u00e3o seus ve\u00edculos, mas esses dados s\u00e3o utilizados exclusivamente para oferecer o servi\u00e7o ao usu\u00e1rio e n\u00e3o s\u00e3o armazenados ou transmitidos para nossos servidores. Como n\u00e3o coletamos dados pessoais, tamb\u00e9m n\u00e3o compartilhamos nenhuma informa\u00e7\u00e3o com terceiros. Apesar de n\u00e3o coletarmos dados, seguimos as melhores pr\u00e1ticas para garantir que o Aplicativo funcione de forma segura e confi\u00e1vel para todos os usu\u00e1rios. Caso haja mudan\u00e7as nesta pol\u00edtica de privacidade, notificaremos os usu\u00e1rios com uma atualiza\u00e7\u00e3o no Aplicativo. Se tiver d\u00favidas ou preocupa\u00e7\u00f5es sobre esta Pol\u00edtica de Privacidade, entre em contato conosco: E-mail: localizala@gmail.com<\/p>\n","protected":false},"author":1,"featured_media":0,"parent":0,"menu_order":0,"comment_status":"closed","ping_status":"closed","template":"","meta":{"_eb_attr":"","_monsterinsights_skip_tracking":false,"_monsterinsights_sitenote_active":false,"_monsterinsights_sitenote_note":"","_monsterinsights_sitenote_category":0,"site-sidebar-layout":"default","site-content-layout":"","ast-site-content-layout":"default","site-content-style":"default","site-sidebar-style":"default","ast-global-header-display":"","ast-banner-title-visibility":"","ast-main-header-display":"","ast-hfb-above-header-display":"","ast-hfb-below-header-display":"","ast-hfb-mobile-header-display":"","site-post-title":"","ast-breadcrumbs-content":"","ast-featured-img":"","footer-sml-layout":"","ast-disable-related-posts":"","theme-transparent-header-meta":"","adv-header-id-meta":"","stick-header-meta":"","header-above-stick-meta":"","header-main-stick-meta":"","header-below-stick-meta":"","astra-migrate-meta-layouts":"set","ast-page-background-enabled":"default","ast-page-background-meta":{"desktop":{"background-color":"","background-image":"","background-repeat":"repeat","background-position":"center center","background-size":"auto","background-attachment":"scroll","background-type":"","background-media":"","overlay-type":"","overlay-color":"","overlay-opacity":"","overlay-gradient":""},"tablet":{"background-color":"","background-image":"","background-repeat":"repeat","background-position":"center center","background-size":"auto","background-attachment":"scroll","background-type":"","background-media":"","overlay-type":"","overlay-color":"","overlay-opacity":"","overlay-gradient":""},"mobile":{"background-color":"","background-image":"","background-repeat":"repeat","background-position":"center center","background-size":"auto","background-attachment":"scroll","background-type":"","background-media":"","overlay-type":"","overlay-color":"","overlay-opacity":"","overlay-gradient":""}},"ast-content-background-meta":{"desktop":{"background-color":"var(--ast-global-color-5)","background-image":"","background-repeat":"repeat","background-position":"center center","background-size":"auto","background-attachment":"scroll","background-type":"","background-media":"","overlay-type":"","overlay-color":"","overlay-opacity":"","overlay-gradient":""},"tablet":{"background-color":"var(--ast-global-color-5)","background-image":"","background-repeat":"repeat","background-position":"center center","background-size":"auto","background-attachment":"scroll","background-type":"","background-media":"","overlay-type":"","overlay-color":"","overlay-opacity":"","overlay-gradient":""},"mobile":{"background-color":"var(--ast-global-color-5)","background-image":"","background-repeat":"repeat","background-position":"center center","background-size":"auto","background-attachment":"scroll","background-type":"","background-media":"","overlay-type":"","overlay-color":"","overlay-opacity":"","overlay-gradient":""}},"footnotes":""},"class_list":["post-1796","page","type-page","status-publish","hentry"],"aioseo_notices":[],"_links":{"self":[{"href":"https:\/\/localizala.com.br\/index.php?rest_route=\/wp\/v2\/pages\/1796","targetHints":{"allow":["GET"]}}],"collection":[{"href":"https:\/\/localizala.com.br\/index.php?rest_route=\/wp\/v2\/pages"}],"about":[{"href":"https:\/\/localizala.com.br\/index.php?rest_route=\/wp\/v2\/types\/page"}],"author":[{"embeddable":true,"href":"https:\/\/localizala.com.br\/index.php?rest_route=\/wp\/v2\/users\/1"}],"replies":[{"embeddable":true,"href":"https:\/\/localizala.com.br\/index.php?rest_route=%2Fwp%2Fv2%2Fcomments&post=1796"}],"version-history":[{"count":2,"href":"https:\/\/localizala.com.br\/index.php?rest_route=\/wp\/v2\/pages\/1796\/revisions"}],"predecessor-version":[{"id":2227,"href":"https:\/\/localizala.com.br\/index.php?rest_route=\/wp\/v2\/pages\/1796\/revisions\/2227"}],"wp:attachment":[{"href":"https:\/\/localizala.com.br\/index.php?rest_route=%2Fwp%2Fv2%2Fmedia&parent=1796"}],"curies":[{"name":"wp","href":"https:\/\/api.w.org\/{rel}","templated":true}]}}